{"id":511,"date":"2023-01-26T14:27:27","date_gmt":"2023-01-26T14:27:27","guid":{"rendered":"https:\/\/parakalo.eu\/sites\/simoengineering\/?page_id=511"},"modified":"2023-03-04T19:01:44","modified_gmt":"2023-03-04T19:01:44","slug":"our-mission","status":"publish","type":"page","link":"https:\/\/simoengineering.com\/pt\/our-mission","title":{"rendered":"Miss\u00e3o"},"content":{"rendered":"<p class=\"has-large-font-size\">Prestar servi\u00e7os nas \u00e1reas de engenharia, constru\u00e7\u00e3o, remodela\u00e7\u00e3o, fiscaliza\u00e7\u00e3o e manuten\u00e7\u00e3o de edif\u00edcios residenciais, al\u00e9m de instala\u00e7\u00e3o e manuten\u00e7\u00e3o de infraestruturas de energias renov\u00e1veis, redes el\u00e9tricas (B.T.).<\/p>\n\n\n\n<div style=\"height:100px\" aria-hidden=\"true\" class=\"wp-block-spacer\"><\/div>\n\n\n\n<blockquote class=\"wp-block-quote has-text-align-left is-style-default has-normal-font-size is-layout-flow wp-block-quote-is-layout-flow\" style=\"font-style:normal;font-weight:200\">\n<p style=\"margin-top:var(--wp--preset--spacing--40);margin-right:var(--wp--preset--spacing--40);margin-bottom:var(--wp--preset--spacing--40);margin-left:var(--wp--preset--spacing--40);padding-top:var(--wp--preset--spacing--40);padding-right:var(--wp--preset--spacing--40);padding-bottom:var(--wp--preset--spacing--40);padding-left:var(--wp--preset--spacing--40);font-size:35px\">Uma empresa din\u00e2mica que integra uma equipa t\u00e9cnica diferenciadora e polivalente. Focada na melhoria cont\u00ednua e alto padr\u00e3o de gest\u00e3o.<\/p>\n<cite>        QUEM SOMOS, pelos fundadores<\/cite><\/blockquote>\n\n\n\n<div style=\"height:100px\" aria-hidden=\"true\" class=\"wp-block-spacer\"><\/div>\n\n\n\n<h1 class=\"is-style-lineseparator wp-block-heading\">Vis\u00e3o<\/h1>\n\n\n\n<p class=\"has-small-font-size\">O nosso horizonte passa por ser l\u00edder e refer\u00eancia em excel\u00eancia. Pretendemos oferecer aos nossos clientes a simbiose perfeita entre efic\u00e1cia e efici\u00eancia nos servi\u00e7os prestados.<\/p>","protected":false},"excerpt":{"rendered":"<p>To provide services in the areas of engineering, construction, installation and maintenance of renewable energy infrastructures, electric networks (L.V.), civil construction&#8217;s remodeling and maintenance. A dynamic company, which incorporates an outstandingly and a versatile technical staff. Focused on continuous improvement and high standard management pattern. WHO WE ARE, by the founders Vision Our horizon is to be a leader and a benchmark for excellence. We intend to offer our customers the perfect symbiosis between effectiveness and efficiency in the services provided.<\/p>","protected":false},"author":1,"featured_media":0,"parent":0,"menu_order":0,"comment_status":"closed","ping_status":"closed","template":"","meta":{"footnotes":""},"class_list":["post-511","page","type-page","status-publish","hentry"],"_links":{"self":[{"href":"https:\/\/simoengineering.com\/pt\/wp-json\/wp\/v2\/pages\/511","targetHints":{"allow":["GET"]}}],"collection":[{"href":"https:\/\/simoengineering.com\/pt\/wp-json\/wp\/v2\/pages"}],"about":[{"href":"https:\/\/simoengineering.com\/pt\/wp-json\/wp\/v2\/types\/page"}],"author":[{"embeddable":true,"href":"https:\/\/simoengineering.com\/pt\/wp-json\/wp\/v2\/users\/1"}],"replies":[{"embeddable":true,"href":"https:\/\/simoengineering.com\/pt\/wp-json\/wp\/v2\/comments?post=511"}],"version-history":[{"count":41,"href":"https:\/\/simoengineering.com\/pt\/wp-json\/wp\/v2\/pages\/511\/revisions"}],"predecessor-version":[{"id":717,"href":"https:\/\/simoengineering.com\/pt\/wp-json\/wp\/v2\/pages\/511\/revisions\/717"}],"wp:attachment":[{"href":"https:\/\/simoengineering.com\/pt\/wp-json\/wp\/v2\/media?parent=511"}],"curies":[{"name":"wp","href":"https:\/\/api.w.org\/{rel}","templated":true}]}}