{"id":248,"date":"2023-01-13T13:11:07","date_gmt":"2023-01-13T13:11:07","guid":{"rendered":"https:\/\/parakalo.eu\/sites\/simoengineering\/?page_id=248"},"modified":"2024-06-07T15:14:44","modified_gmt":"2024-06-07T15:14:44","slug":"about-us","status":"publish","type":"page","link":"https:\/\/simoengineering.com\/pt\/about-us","title":{"rendered":"Quem somos"},"content":{"rendered":"<p class=\"has-normal-font-size\">Uma empresa din\u00e2mica que integra uma equipa t\u00e9cnica diferenciadora e polivante sempre aplicando pol\u00edticas de gest\u00e3o em qualidade, seguran\u00e7a e meio ambiente.  Com foco na melhoria cont\u00ednua e alto padr\u00e3o de gest\u00e3o, a SimoEngineering \u00e9 uma consultoria nas \u00e1reas de engenharia e energias renov\u00e1veis, que tamb\u00e9m fornece m\u00e3o de obra especializada. A SimoEngineering atua desde o planeamento implanta\u00e7\u00e3o (execu\u00e7\u00e3o), fiscaliza\u00e7\u00e3o at\u00e9 a manuten\u00e7\u00e3o de edif\u00edcios residenciais. Tamb\u00e9m lida com a constru\u00e7\u00e3o e manuten\u00e7\u00e3o de sites e\u00f3licos em todo o mundo.<\/p>","protected":false},"excerpt":{"rendered":"<p>Uma empresa din\u00e2mica que integra uma equipa t\u00e9cnica diferenciadora e polivante sempre aplicando pol\u00edticas de gest\u00e3o em qualidade, seguran\u00e7a e meio ambiente.  Com foco na melhoria cont\u00ednua e alto padr\u00e3o de gest\u00e3o, a SimoEngineering \u00e9 uma consultoria nas \u00e1reas de engenharia e energias renov\u00e1veis, que tamb\u00e9m fornece m\u00e3o de obra especializada. A SimoEngineering atua desde o planeamento implanta\u00e7\u00e3o (execu\u00e7\u00e3o), fiscaliza\u00e7\u00e3o at\u00e9 a manuten\u00e7\u00e3o de edif\u00edcios residenciais. Tamb\u00e9m lida com a constru\u00e7\u00e3o e manuten\u00e7\u00e3o de sites e\u00f3licos em todo o mundo.<\/p>","protected":false},"author":1,"featured_media":422,"parent":0,"menu_order":0,"comment_status":"closed","ping_status":"closed","template":"about","meta":{"footnotes":""},"class_list":["post-248","page","type-page","status-publish","has-post-thumbnail","hentry"],"_links":{"self":[{"href":"https:\/\/simoengineering.com\/pt\/wp-json\/wp\/v2\/pages\/248","targetHints":{"allow":["GET"]}}],"collection":[{"href":"https:\/\/simoengineering.com\/pt\/wp-json\/wp\/v2\/pages"}],"about":[{"href":"https:\/\/simoengineering.com\/pt\/wp-json\/wp\/v2\/types\/page"}],"author":[{"embeddable":true,"href":"https:\/\/simoengineering.com\/pt\/wp-json\/wp\/v2\/users\/1"}],"replies":[{"embeddable":true,"href":"https:\/\/simoengineering.com\/pt\/wp-json\/wp\/v2\/comments?post=248"}],"version-history":[{"count":7,"href":"https:\/\/simoengineering.com\/pt\/wp-json\/wp\/v2\/pages\/248\/revisions"}],"predecessor-version":[{"id":629,"href":"https:\/\/simoengineering.com\/pt\/wp-json\/wp\/v2\/pages\/248\/revisions\/629"}],"wp:featuredmedia":[{"embeddable":true,"href":"https:\/\/simoengineering.com\/pt\/wp-json\/wp\/v2\/media\/422"}],"wp:attachment":[{"href":"https:\/\/simoengineering.com\/pt\/wp-json\/wp\/v2\/media?parent=248"}],"curies":[{"name":"wp","href":"https:\/\/api.w.org\/{rel}","templated":true}]}}